{"id":535,"date":"2024-03-03T17:41:36","date_gmt":"2024-03-03T17:41:36","guid":{"rendered":"https:\/\/giarre.org\/?page_id=535"},"modified":"2024-07-06T16:22:09","modified_gmt":"2024-07-06T16:22:09","slug":"uber","status":"publish","type":"page","link":"https:\/\/giarre.org\/index.php\/uber\/","title":{"rendered":"Uber"},"content":{"rendered":"\t\t<div data-elementor-type=\"wp-page\" data-elementor-id=\"535\" class=\"elementor elementor-535\">\n\t\t\t\t\t\t\t<div class=\"elementor-element elementor-element-47a8853c e-con-full e-flex e-con e-parent\" data-id=\"47a8853c\" data-element_type=\"container\" data-settings=\"{&quot;content_width&quot;:&quot;full&quot;}\" data-core-v316-plus=\"true\">\n\t\t<div class=\"elementor-element elementor-element-17565af1 e-con-full e-flex e-con e-child\" data-id=\"17565af1\" data-element_type=\"container\" data-settings=\"{&quot;background_background&quot;:&quot;classic&quot;,&quot;content_width&quot;:&quot;full&quot;}\">\n\t\t\t\t<div class=\"elementor-element elementor-element-72aab2b elementor-widget__width-initial elementor-widget-tablet__width-initial elementor-widget elementor-widget-image\" data-id=\"72aab2b\" data-element_type=\"widget\" data-widget_type=\"image.default\">\n\t\t\t\t<div class=\"elementor-widget-container\">\n\t\t\t<style>\/*! elementor - v3.18.0 - 20-12-2023 *\/\n.elementor-widget-image{text-align:center}.elementor-widget-image a{display:inline-block}.elementor-widget-image a img[src$=\".svg\"]{width:48px}.elementor-widget-image img{vertical-align:middle;display:inline-block}<\/style>\t\t\t\t\t\t\t\t\t\t\t\t<img fetchpriority=\"high\" decoding=\"async\" width=\"216\" height=\"300\" src=\"https:\/\/giarre.org\/wp-content\/uploads\/2024\/01\/LorenzoGiarre.jpeg\" class=\"attachment-large size-large wp-image-217\" alt=\"\" \/>\t\t\t\t\t\t\t\t\t\t\t\t\t\t\t<\/div>\n\t\t\t\t<\/div>\n\t\t\t\t<\/div>\n\t\t<div class=\"elementor-element elementor-element-8734fb e-con-full e-flex e-con e-child\" data-id=\"8734fb\" data-element_type=\"container\" data-settings=\"{&quot;content_width&quot;:&quot;full&quot;}\">\n\t\t\t\t<div class=\"elementor-element elementor-element-12836e92 elementor-widget elementor-widget-heading\" data-id=\"12836e92\" data-element_type=\"widget\" data-widget_type=\"heading.default\">\n\t\t\t\t<div class=\"elementor-widget-container\">\n\t\t\t<style>\/*! elementor - v3.18.0 - 20-12-2023 *\/\n.elementor-heading-title{padding:0;margin:0;line-height:1}.elementor-widget-heading .elementor-heading-title[class*=elementor-size-]>a{color:inherit;font-size:inherit;line-height:inherit}.elementor-widget-heading .elementor-heading-title.elementor-size-small{font-size:15px}.elementor-widget-heading .elementor-heading-title.elementor-size-medium{font-size:19px}.elementor-widget-heading .elementor-heading-title.elementor-size-large{font-size:29px}.elementor-widget-heading .elementor-heading-title.elementor-size-xl{font-size:39px}.elementor-widget-heading .elementor-heading-title.elementor-size-xxl{font-size:59px}<\/style><h1 class=\"elementor-heading-title elementor-size-xl\">Lorenzo Giarr\u00e9<\/h1>\t\t<\/div>\n\t\t\t\t<\/div>\n\t\t\t\t<div class=\"elementor-element elementor-element-2dd39ca elementor-widget elementor-widget-heading\" data-id=\"2dd39ca\" data-element_type=\"widget\" data-widget_type=\"heading.default\">\n\t\t\t\t<div class=\"elementor-widget-container\">\n\t\t\t<h2 class=\"elementor-heading-title elementor-size-large\">\u00dcber mich<\/h2>\t\t<\/div>\n\t\t\t\t<\/div>\n\t\t\t\t<div class=\"elementor-element elementor-element-662ba29b elementor-invisible elementor-widget elementor-widget-text-editor\" data-id=\"662ba29b\" data-element_type=\"widget\" data-settings=\"{&quot;_animation&quot;:&quot;fadeIn&quot;,&quot;_animation_delay&quot;:400}\" data-widget_type=\"text-editor.default\">\n\t\t\t\t<div class=\"elementor-widget-container\">\n\t\t\t<style>\/*! elementor - v3.18.0 - 20-12-2023 *\/\n.elementor-widget-text-editor.elementor-drop-cap-view-stacked .elementor-drop-cap{background-color:#69727d;color:#fff}.elementor-widget-text-editor.elementor-drop-cap-view-framed .elementor-drop-cap{color:#69727d;border:3px solid;background-color:transparent}.elementor-widget-text-editor:not(.elementor-drop-cap-view-default) .elementor-drop-cap{margin-top:8px}.elementor-widget-text-editor:not(.elementor-drop-cap-view-default) .elementor-drop-cap-letter{width:1em;height:1em}.elementor-widget-text-editor .elementor-drop-cap{float:left;text-align:center;line-height:1;font-size:50px}.elementor-widget-text-editor .elementor-drop-cap-letter{display:inline-block}<\/style>\t\t\t\t<p style=\"font-weight: 400;\"><strong>Mein beruflicher Weg ist gepr\u00e4gt durch Neudefinition von Strategien und der Umsetzung der notwendigen Ver\u00e4nderungen.<\/strong><\/p><p style=\"font-weight: 400;\">Der \u00dcbergang von vertikalen, hierarchischen Organisationen zu agilen, kollaborativen Teams ist zwingend. Ich habe den Wandel gelebt, geatmet und geleitet. Ich wei\u00df, wie man eine Transformation initiiert, f\u00fchrt und umsetzt. Mein Fachwissen umfasst folgende Bereiche:<\/p><p style=\"font-weight: 400;\">\u00a0<\/p><ul><li>Coaching, Entwicklung von F\u00fchrungskr\u00e4ften<\/li><li>M&amp;A, Integration von Akquisitionen<\/li><li>Betriebs\u00fcbergang und Verlagerung<\/li><li>Organisation, F\u00fchrung<\/li><li>Globalisierung der Lieferkette<\/li><li>Transformation, Umstrukturierung, Ver\u00e4nderungsmanagement<\/li><li>Vision, Strategie, Gesch\u00e4ftsplan<\/li><\/ul><p style=\"font-weight: 400;\">\u00a0<\/p><p style=\"font-weight: 400;\">Mit einem technischen und betriebswirtschaftlichen Hintergrund (MSc. Physics EPFL, MBA IMD) und mehr als 30 Jahren in leitenden Funktionen in den Bereichen Produkt, Marketing, Vertrieb und Gesch\u00e4ftsentwicklung &#8211; davon 15 Jahre als CEO &#8211; habe ich umfangreiche Erfahrungen in High-Tech-Industrieunternehmen gesammelt.<\/p>\t\t\t\t\t\t<\/div>\n\t\t\t\t<\/div>\n\t\t\t\t<\/div>\n\t\t\t\t<\/div>\n\t\t\t\t\t\t\t<\/div>\n\t\t","protected":false},"excerpt":{"rendered":"<p>Lorenzo Giarr\u00e9 \u00dcber mich Mein beruflicher Weg ist gepr\u00e4gt durch Neudefinition von Strategien und der Umsetzung der notwendigen Ver\u00e4nderungen. Der \u00dcbergang von vertikalen, hierarchischen Organisationen zu agilen, kollaborativen Teams ist zwingend. Ich habe den Wandel gelebt, geatmet und geleitet. Ich wei\u00df, wie man eine Transformation initiiert, f\u00fchrt und umsetzt. Mein Fachwissen umfasst folgende Bereiche: \u00a0 [&hellip;]<\/p>\n","protected":false},"author":4,"featured_media":0,"parent":0,"menu_order":0,"comment_status":"closed","ping_status":"closed","template":"elementor_header_footer","meta":{"_monsterinsights_skip_tracking":false,"_monsterinsights_sitenote_active":false,"_monsterinsights_sitenote_note":"","_monsterinsights_sitenote_category":0,"footnotes":""},"class_list":["post-535","page","type-page","status-publish","hentry"],"_links":{"self":[{"href":"https:\/\/giarre.org\/index.php\/wp-json\/wp\/v2\/pages\/535","targetHints":{"allow":["GET"]}}],"collection":[{"href":"https:\/\/giarre.org\/index.php\/wp-json\/wp\/v2\/pages"}],"about":[{"href":"https:\/\/giarre.org\/index.php\/wp-json\/wp\/v2\/types\/page"}],"author":[{"embeddable":true,"href":"https:\/\/giarre.org\/index.php\/wp-json\/wp\/v2\/users\/4"}],"replies":[{"embeddable":true,"href":"https:\/\/giarre.org\/index.php\/wp-json\/wp\/v2\/comments?post=535"}],"version-history":[{"count":7,"href":"https:\/\/giarre.org\/index.php\/wp-json\/wp\/v2\/pages\/535\/revisions"}],"predecessor-version":[{"id":599,"href":"https:\/\/giarre.org\/index.php\/wp-json\/wp\/v2\/pages\/535\/revisions\/599"}],"wp:attachment":[{"href":"https:\/\/giarre.org\/index.php\/wp-json\/wp\/v2\/media?parent=535"}],"curies":[{"name":"wp","href":"https:\/\/api.w.org\/{rel}","templated":true}]}}