{"id":364,"date":"2024-02-24T14:14:31","date_gmt":"2024-02-24T14:14:31","guid":{"rendered":"https:\/\/giarre.org\/?page_id=364"},"modified":"2024-07-06T16:20:19","modified_gmt":"2024-07-06T16:20:19","slug":"apropos","status":"publish","type":"page","link":"https:\/\/giarre.org\/index.php\/apropos\/","title":{"rendered":"A propos"},"content":{"rendered":"\t\t<div data-elementor-type=\"wp-page\" data-elementor-id=\"364\" class=\"elementor elementor-364\">\n\t\t\t\t\t\t\t<div class=\"elementor-element elementor-element-47a8853c e-con-full e-flex e-con e-parent\" data-id=\"47a8853c\" data-element_type=\"container\" data-settings=\"{&quot;content_width&quot;:&quot;full&quot;}\" data-core-v316-plus=\"true\">\n\t\t<div class=\"elementor-element elementor-element-17565af1 e-con-full e-flex e-con e-child\" data-id=\"17565af1\" data-element_type=\"container\" data-settings=\"{&quot;background_background&quot;:&quot;classic&quot;,&quot;content_width&quot;:&quot;full&quot;}\">\n\t\t\t\t<div class=\"elementor-element elementor-element-72aab2b elementor-widget__width-initial elementor-widget-tablet__width-initial elementor-widget elementor-widget-image\" data-id=\"72aab2b\" data-element_type=\"widget\" data-widget_type=\"image.default\">\n\t\t\t\t<div class=\"elementor-widget-container\">\n\t\t\t<style>\/*! elementor - v3.18.0 - 20-12-2023 *\/\n.elementor-widget-image{text-align:center}.elementor-widget-image a{display:inline-block}.elementor-widget-image a img[src$=\".svg\"]{width:48px}.elementor-widget-image img{vertical-align:middle;display:inline-block}<\/style>\t\t\t\t\t\t\t\t\t\t\t\t<img fetchpriority=\"high\" decoding=\"async\" width=\"216\" height=\"300\" src=\"https:\/\/giarre.org\/wp-content\/uploads\/2024\/01\/LorenzoGiarre.jpeg\" class=\"attachment-large size-large wp-image-217\" alt=\"\" \/>\t\t\t\t\t\t\t\t\t\t\t\t\t\t\t<\/div>\n\t\t\t\t<\/div>\n\t\t\t\t<\/div>\n\t\t<div class=\"elementor-element elementor-element-8734fb e-con-full e-flex e-con e-child\" data-id=\"8734fb\" data-element_type=\"container\" data-settings=\"{&quot;content_width&quot;:&quot;full&quot;}\">\n\t\t\t\t<div class=\"elementor-element elementor-element-12836e92 elementor-widget elementor-widget-heading\" data-id=\"12836e92\" data-element_type=\"widget\" data-widget_type=\"heading.default\">\n\t\t\t\t<div class=\"elementor-widget-container\">\n\t\t\t<style>\/*! elementor - v3.18.0 - 20-12-2023 *\/\n.elementor-heading-title{padding:0;margin:0;line-height:1}.elementor-widget-heading .elementor-heading-title[class*=elementor-size-]>a{color:inherit;font-size:inherit;line-height:inherit}.elementor-widget-heading .elementor-heading-title.elementor-size-small{font-size:15px}.elementor-widget-heading .elementor-heading-title.elementor-size-medium{font-size:19px}.elementor-widget-heading .elementor-heading-title.elementor-size-large{font-size:29px}.elementor-widget-heading .elementor-heading-title.elementor-size-xl{font-size:39px}.elementor-widget-heading .elementor-heading-title.elementor-size-xxl{font-size:59px}<\/style><h1 class=\"elementor-heading-title elementor-size-xl\">Lorenzo Giarr\u00e9<\/h1>\t\t<\/div>\n\t\t\t\t<\/div>\n\t\t\t\t<div class=\"elementor-element elementor-element-2dd39ca elementor-widget elementor-widget-heading\" data-id=\"2dd39ca\" data-element_type=\"widget\" data-widget_type=\"heading.default\">\n\t\t\t\t<div class=\"elementor-widget-container\">\n\t\t\t<h2 class=\"elementor-heading-title elementor-size-large\">A propos de moi <\/h2>\t\t<\/div>\n\t\t\t\t<\/div>\n\t\t\t\t<div class=\"elementor-element elementor-element-662ba29b elementor-invisible elementor-widget elementor-widget-text-editor\" data-id=\"662ba29b\" data-element_type=\"widget\" data-settings=\"{&quot;_animation&quot;:&quot;fadeIn&quot;,&quot;_animation_delay&quot;:400}\" data-widget_type=\"text-editor.default\">\n\t\t\t\t<div class=\"elementor-widget-container\">\n\t\t\t<style>\/*! elementor - v3.18.0 - 20-12-2023 *\/\n.elementor-widget-text-editor.elementor-drop-cap-view-stacked .elementor-drop-cap{background-color:#69727d;color:#fff}.elementor-widget-text-editor.elementor-drop-cap-view-framed .elementor-drop-cap{color:#69727d;border:3px solid;background-color:transparent}.elementor-widget-text-editor:not(.elementor-drop-cap-view-default) .elementor-drop-cap{margin-top:8px}.elementor-widget-text-editor:not(.elementor-drop-cap-view-default) .elementor-drop-cap-letter{width:1em;height:1em}.elementor-widget-text-editor .elementor-drop-cap{float:left;text-align:center;line-height:1;font-size:50px}.elementor-widget-text-editor .elementor-drop-cap-letter{display:inline-block}<\/style>\t\t\t\t<p style=\"font-weight: 400;\"><strong>Mon parcours professionnel s\u2019articule autour de la red\u00e9finition des strat\u00e9gies et de la mise en place des transformations n\u00e9cessaires.<\/strong><\/p>\n<p style=\"font-weight: 400;\">Transition d\u2019organisations hi\u00e9rarchiques verticales en \u00e9quipes agiles et collaboratives. J\u2019ai v\u00e9cu, respir\u00e9 et conduit le changement. Je sais comment initier, diriger et mettre en \u0153uvre la transformation. Mon expertise englobe\u00a0:<\/p>\n\n<ul>\n \t<li>Coaching, D\u00e9veloppement du Leadership<\/li>\n \t<li>Fusions et acquisitions, int\u00e9gration des acquisitions<\/li>\n \t<li>Globalisation de la cha\u00eene d\u2019approvisionnement<\/li>\n \t<li>Organisation, gouvernance<\/li>\n \t<li>Redressement, Restructuration, Gestion du changement<\/li>\n \t<li>Solutions de gestion int\u00e9rimaire<\/li>\n \t<li>Transfert et relocalisation d\u2019op\u00e9rations<\/li>\n \t<li>Vision, Strat\u00e9gie, Business Plan<\/li>\n<\/ul>\n<br\/>\n<p style=\"font-weight: 400;\">Avec une formation technique et de gestion d\u2019entreprise (Master en Physique EPFL, MBA IMD), et plus de 30 ans dans des r\u00f4les ex\u00e9cutifs couvrant le produit, le marketing, les ventes et le d\u00e9veloppement des affaires \u2013 dont 15 en tant que PDG \u2013 j\u2019ai accumul\u00e9 une grande expertise au sein d\u2019entreprises industrielles de haute technologie.<\/p>\t\t\t\t\t\t<\/div>\n\t\t\t\t<\/div>\n\t\t\t\t<\/div>\n\t\t\t\t<\/div>\n\t\t\t\t\t\t\t<\/div>\n\t\t","protected":false},"excerpt":{"rendered":"<p>Lorenzo Giarr\u00e9 A propos de moi Mon parcours professionnel s\u2019articule autour de la red\u00e9finition des strat\u00e9gies et de la mise en place des transformations n\u00e9cessaires. Transition d\u2019organisations hi\u00e9rarchiques verticales en \u00e9quipes agiles et collaboratives. J\u2019ai v\u00e9cu, respir\u00e9 et conduit le changement. Je sais comment initier, diriger et mettre en \u0153uvre la transformation. Mon expertise englobe\u00a0: [&hellip;]<\/p>\n","protected":false},"author":4,"featured_media":0,"parent":0,"menu_order":0,"comment_status":"closed","ping_status":"closed","template":"elementor_header_footer","meta":{"_monsterinsights_skip_tracking":false,"_monsterinsights_sitenote_active":false,"_monsterinsights_sitenote_note":"","_monsterinsights_sitenote_category":0,"footnotes":""},"class_list":["post-364","page","type-page","status-publish","hentry"],"_links":{"self":[{"href":"https:\/\/giarre.org\/index.php\/wp-json\/wp\/v2\/pages\/364","targetHints":{"allow":["GET"]}}],"collection":[{"href":"https:\/\/giarre.org\/index.php\/wp-json\/wp\/v2\/pages"}],"about":[{"href":"https:\/\/giarre.org\/index.php\/wp-json\/wp\/v2\/types\/page"}],"author":[{"embeddable":true,"href":"https:\/\/giarre.org\/index.php\/wp-json\/wp\/v2\/users\/4"}],"replies":[{"embeddable":true,"href":"https:\/\/giarre.org\/index.php\/wp-json\/wp\/v2\/comments?post=364"}],"version-history":[{"count":14,"href":"https:\/\/giarre.org\/index.php\/wp-json\/wp\/v2\/pages\/364\/revisions"}],"predecessor-version":[{"id":590,"href":"https:\/\/giarre.org\/index.php\/wp-json\/wp\/v2\/pages\/364\/revisions\/590"}],"wp:attachment":[{"href":"https:\/\/giarre.org\/index.php\/wp-json\/wp\/v2\/media?parent=364"}],"curies":[{"name":"wp","href":"https:\/\/api.w.org\/{rel}","templated":true}]}}